{"id":77,"date":"2024-07-15T09:28:52","date_gmt":"2024-07-15T09:28:52","guid":{"rendered":"http:\/\/gudgivet.dk\/?page_id=77"},"modified":"2025-12-15T12:47:53","modified_gmt":"2025-12-15T12:47:53","slug":"om-gudgivet","status":"publish","type":"page","link":"https:\/\/gudgivet.dk\/index.php\/om-gudgivet\/","title":{"rendered":"Om (g)Udgivet"},"content":{"rendered":"\n<h2 class=\"wp-block-heading has-text-align-center\">Om (g)Udgivet<\/h2>\n\n\n\n<p>Hvad nu hvis alle i Valby l\u00e6ste den samme bog samtidig? D\u00e9t er tanken bag (g)Udgivet?<\/p>\n\n\n\n<p>En bog som Bibelen er blevet l\u00e6st af mange mennesker samtidigt. Den er blevet en f\u00e6lles referenceramme for mange og har skabt st\u00e6rke menigheder. Men hvad sker der, hvis man skaber et k\u00e6mpe lokalt f\u00e6llesskab, hvor der l\u00f8bende l\u00e6ses god samtidslitteratur p\u00e5 tv\u00e6rs af alder og alle mulige andre skel?<\/p>\n\n\n\n<p>(g)Udgivet? er et samarbejde mellem Jesuskirken, Timotheuskirken, Valby Bibliotek og K\u00f8benhavns \u00e5bne Gymnasium.<\/p>\n\n\n\n<p>Vi har sat os for at f\u00e5 hele Valby til at l\u00e6se sammen, fordi gode fort\u00e6llinger rummer en visdom om det at v\u00e6re menneske, som kan inspirere os til at stille de store og eksistentielle sp\u00f8rgsm\u00e5l i vores eget liv.&nbsp;<\/p>\n\n\n\n<p>Konceptet er enkelt: Vi inviterer til at l\u00e6se en bog som vi forventer er mere en blot underholdning. S\u00e5 m\u00f8des vi en hverdags aften kl. 18.30 og samtaler om den over et glas r\u00f8dvin og lidt ost. Kl. 19.30 kommer bogens forfatter og taler om bogen og med os. Det plejer der at komme noget godt ud af. <br>N\u00e5r man samler gymnasieelever, studerende og voksne i alle aldre, som har forskellige erfaringer og eksistentielle livssyn, kommer vi vidt omkring i diskussionerne. Derfor er (g)Udgivet? b\u00e5de et berigende l\u00e6sef\u00e6llesskab og en enest\u00e5ende mulighed for at blive klogere p\u00e5 dig selv, dit liv og det at v\u00e6re menneske \u2013 sammen med din nabo, din cykelhandler eller andre du st\u00f8der ind i p\u00e5 Valby Langgade.<\/p>\n\n\n\n<p>Projekt (g)Udgivet? har eksisteret siden 2020&nbsp;og har haft bes\u00f8g af forfattere som bl.a. S\u00f8rine Gotfredsen, Dy Plambeck, Lone H\u00f8rslev, Knud Romer og Glenn Bech. Flere inspirerende forfattere og stemmer i tiden er p\u00e5 vej.<\/p>\n","protected":false},"excerpt":{"rendered":"<p>Om (g)Udgivet Hvad nu hvis alle i Valby l\u00e6ste den samme bog samtidig? D\u00e9t er tanken bag (g)Udgivet? En bog som Bibelen er blevet l\u00e6st af mange mennesker samtidigt. Den er blevet en f\u00e6lles referenceramme for mange og har skabt st\u00e6rke menigheder. Men hvad sker der, hvis man skaber et k\u00e6mpe lokalt f\u00e6llesskab, hvor der [&hellip;]<\/p>\n","protected":false},"author":1,"featured_media":0,"parent":0,"menu_order":0,"comment_status":"closed","ping_status":"closed","template":"","meta":{"inline_featured_image":false,"footnotes":""},"class_list":["post-77","page","type-page","status-publish","hentry"],"_links":{"self":[{"href":"https:\/\/gudgivet.dk\/index.php\/wp-json\/wp\/v2\/pages\/77","targetHints":{"allow":["GET"]}}],"collection":[{"href":"https:\/\/gudgivet.dk\/index.php\/wp-json\/wp\/v2\/pages"}],"about":[{"href":"https:\/\/gudgivet.dk\/index.php\/wp-json\/wp\/v2\/types\/page"}],"author":[{"embeddable":true,"href":"https:\/\/gudgivet.dk\/index.php\/wp-json\/wp\/v2\/users\/1"}],"replies":[{"embeddable":true,"href":"https:\/\/gudgivet.dk\/index.php\/wp-json\/wp\/v2\/comments?post=77"}],"version-history":[{"count":4,"href":"https:\/\/gudgivet.dk\/index.php\/wp-json\/wp\/v2\/pages\/77\/revisions"}],"predecessor-version":[{"id":205,"href":"https:\/\/gudgivet.dk\/index.php\/wp-json\/wp\/v2\/pages\/77\/revisions\/205"}],"wp:attachment":[{"href":"https:\/\/gudgivet.dk\/index.php\/wp-json\/wp\/v2\/media?parent=77"}],"curies":[{"name":"wp","href":"https:\/\/api.w.org\/{rel}","templated":true}]}}